{"id":698,"date":"2019-08-21T14:52:46","date_gmt":"2019-08-21T14:52:46","guid":{"rendered":"https:\/\/hungerfordterry.com\/?page_id=698"},"modified":"2023-03-29T00:34:28","modified_gmt":"2023-03-29T00:34:28","slug":"demineralizer","status":"publish","type":"page","link":"https:\/\/www.hungerfordterry.com\/es\/treatment\/demineralizer\/","title":{"rendered":"Desmineralizaci\u00f3n"},"content":{"rendered":"<div data-elementor-type=\"wp-post\" data-elementor-id=\"698\" class=\"elementor elementor-698\">\n\t\t\t\t\t\t<div class=\"elementor-inner\">\n\t\t\t\t<div class=\"elementor-section-wrap\">\n\t\t\t\t\t\t\t\t\t<section class=\"elementor-section elementor-top-section elementor-element elementor-element-4b5531f elementor-section-boxed elementor-section-height-default elementor-section-height-default\" data-id=\"4b5531f\" data-element_type=\"section\">\n\t\t\t\t\t\t<div class=\"elementor-container elementor-column-gap-default\">\n\t\t\t\t\t\t\t<div class=\"elementor-row\">\n\t\t\t\t\t<div class=\"elementor-column elementor-col-100 elementor-top-column elementor-element elementor-element-5aac3fa\" data-id=\"5aac3fa\" data-element_type=\"column\">\n\t\t\t<div class=\"elementor-column-wrap elementor-element-populated\">\n\t\t\t\t\t\t\t<div class=\"elementor-widget-wrap\">\n\t\t\t\t\t\t<div class=\"elementor-element elementor-element-f9cbefd elementor-widget elementor-widget-text-editor\" data-id=\"f9cbefd\" data-element_type=\"widget\" data-widget_type=\"text-editor.default\">\n\t\t\t\t<div class=\"elementor-widget-container\">\n\t\t\t\t\t\t\t\t<div class=\"elementor-text-editor elementor-clearfix\">\n\t\t\t\t<ul>\n \t<li>Los sistemas de calderas utilizados en las industrias de energ\u00eda y laboratorios requieren protecci\u00f3n contra el material suspendido y disuelto que afecta la longevidad y el funcionamiento de las tuber\u00edas y v\u00e1lvulas.<\/li>\n \t<li>Los sistemas de desmineralizaci\u00f3n de H&amp;T utilizan tecnolog\u00eda de intercambio de iones en varias configuraciones para proporcionar agua de alta pureza para una serie de aplicaciones industriales y de suministro de energ\u00eda. H&amp;T ofrece sistemas t\u00edpicos de dos lechos, cati\u00f3n\/ani\u00f3n, con o sin desgasificaci\u00f3n, dependiendo de la alcalinidad, o sistemas de dos lechos con pulidores de lecho mixto.<\/li>\n \t<li>Los sistemas desmineralizadores de H&amp;T pueden dise\u00f1arse para clientes comerciales m\u00e1s peque\u00f1os con sistemas de calderas en paquete (hospitales, universidades, etc.). Adem\u00e1s, nuestra experiencia en el suministro a grandes empresas de ingenier\u00eda EPC de sistemas de desmineralizaci\u00f3n y pulido de condensados es bien conocida en la industria energ\u00e9tica.<\/li>\n<\/ul>\t\t\t\t\t<\/div>\n\t\t\t\t\t\t<\/div>\n\t\t\t\t<\/div>\n\t\t\t\t<section class=\"elementor-section elementor-inner-section elementor-element elementor-element-f9e367d elementor-section-boxed elementor-section-height-default elementor-section-height-default\" data-id=\"f9e367d\" data-element_type=\"section\">\n\t\t\t\t\t\t<div class=\"elementor-container elementor-column-gap-default\">\n\t\t\t\t\t\t\t<div class=\"elementor-row\">\n\t\t\t\t\t<div class=\"elementor-column elementor-col-33 elementor-inner-column elementor-element elementor-element-4935e4b\" data-id=\"4935e4b\" data-element_type=\"column\">\n\t\t\t<div class=\"elementor-column-wrap elementor-element-populated\">\n\t\t\t\t\t\t\t<div class=\"elementor-widget-wrap\">\n\t\t\t\t\t\t<div class=\"elementor-element elementor-element-d3ceae9 elementor-widget elementor-widget-image\" data-id=\"d3ceae9\" data-element_type=\"widget\" data-widget_type=\"image.default\">\n\t\t\t\t<div class=\"elementor-widget-container\">\n\t\t\t\t\t\t\t\t<div class=\"elementor-image\">\n\t\t\t\t\t\t\t\t\t\t\t\t<img width=\"248\" height=\"203\" src=\"https:\/\/www.hungerfordterry.com\/wp-content\/uploads\/2019\/08\/image33.png\" class=\"attachment-large size-large wp-image-701\" alt=\"Demineralizer\" loading=\"lazy\" \/>\t\t\t\t\t\t\t\t\t\t\t\t\t\t<\/div>\n\t\t\t\t\t\t<\/div>\n\t\t\t\t<\/div>\n\t\t\t\t\t\t<\/div>\n\t\t\t\t\t<\/div>\n\t\t<\/div>\n\t\t\t\t<div class=\"elementor-column elementor-col-33 elementor-inner-column elementor-element elementor-element-aea7b0f\" data-id=\"aea7b0f\" data-element_type=\"column\">\n\t\t\t<div class=\"elementor-column-wrap elementor-element-populated\">\n\t\t\t\t\t\t\t<div class=\"elementor-widget-wrap\">\n\t\t\t\t\t\t<div class=\"elementor-element elementor-element-c091609 elementor-widget elementor-widget-image\" data-id=\"c091609\" data-element_type=\"widget\" data-widget_type=\"image.default\">\n\t\t\t\t<div class=\"elementor-widget-container\">\n\t\t\t\t\t\t\t\t<div class=\"elementor-image\">\n\t\t\t\t\t\t\t\t\t\t\t\t<img width=\"249\" height=\"305\" src=\"https:\/\/www.hungerfordterry.com\/wp-content\/uploads\/2019\/08\/image32.png\" class=\"attachment-large size-large wp-image-700\" alt=\"Demineralizer\" loading=\"lazy\" srcset=\"https:\/\/www.hungerfordterry.com\/wp-content\/uploads\/2019\/08\/image32.png 249w, https:\/\/www.hungerfordterry.com\/wp-content\/uploads\/2019\/08\/image32-245x300.png 245w\" sizes=\"(max-width: 249px) 100vw, 249px\" \/>\t\t\t\t\t\t\t\t\t\t\t\t\t\t<\/div>\n\t\t\t\t\t\t<\/div>\n\t\t\t\t<\/div>\n\t\t\t\t\t\t<\/div>\n\t\t\t\t\t<\/div>\n\t\t<\/div>\n\t\t\t\t<div class=\"elementor-column elementor-col-33 elementor-inner-column elementor-element elementor-element-d741eac\" data-id=\"d741eac\" data-element_type=\"column\">\n\t\t\t<div class=\"elementor-column-wrap elementor-element-populated\">\n\t\t\t\t\t\t\t<div class=\"elementor-widget-wrap\">\n\t\t\t\t\t\t<div class=\"elementor-element elementor-element-a8b32ed elementor-widget elementor-widget-image\" data-id=\"a8b32ed\" data-element_type=\"widget\" data-widget_type=\"image.default\">\n\t\t\t\t<div class=\"elementor-widget-container\">\n\t\t\t\t\t\t\t\t<div class=\"elementor-image\">\n\t\t\t\t\t\t\t\t\t\t\t\t<img width=\"640\" height=\"362\" src=\"https:\/\/www.hungerfordterry.com\/wp-content\/uploads\/2020\/11\/cropped-turbine-deck.png\" class=\"attachment-large size-large wp-image-913\" alt=\"\" loading=\"lazy\" srcset=\"https:\/\/www.hungerfordterry.com\/wp-content\/uploads\/2020\/11\/cropped-turbine-deck.png 883w, https:\/\/www.hungerfordterry.com\/wp-content\/uploads\/2020\/11\/cropped-turbine-deck-300x170.png 300w, https:\/\/www.hungerfordterry.com\/wp-content\/uploads\/2020\/11\/cropped-turbine-deck-768x434.png 768w\" sizes=\"(max-width: 640px) 100vw, 640px\" \/>\t\t\t\t\t\t\t\t\t\t\t\t\t\t<\/div>\n\t\t\t\t\t\t<\/div>\n\t\t\t\t<\/div>\n\t\t\t\t\t\t<\/div>\n\t\t\t\t\t<\/div>\n\t\t<\/div>\n\t\t\t\t\t\t\t\t<\/div>\n\t\t\t\t\t<\/div>\n\t\t<\/section>\n\t\t\t\t\t\t<\/div>\n\t\t\t\t\t<\/div>\n\t\t<\/div>\n\t\t\t\t\t\t\t\t<\/div>\n\t\t\t\t\t<\/div>\n\t\t<\/section>\n\t\t\t\t\t\t\t\t\t<\/div>\n\t\t\t<\/div>\n\t\t\t\t\t<\/div>","protected":false},"excerpt":{"rendered":"<p>Boilers systems used in the power and laboratory industries require protection from suspended and dissolved material which impact the longevity and operation of piping and valving. H&amp;T demineralizer systems utilize &hellip; <\/p>\n<p><a href=\"https:\/\/www.hungerfordterry.com\/es\/treatment\/demineralizer\/\" class=\"btn btn-readmore\">Read More <span class=\"screen-reader-text\"> &#8220;Demineralization&#8221;<\/span><\/a><\/p>","protected":false},"author":1,"featured_media":0,"parent":28,"menu_order":0,"comment_status":"closed","ping_status":"closed","template":"page-inside-sidebar.php","meta":[],"yoast_head":"<!-- This site is optimized with the Yoast SEO plugin v15.7 - https:\/\/yoast.com\/wordpress\/plugins\/seo\/ -->\n<title>Demineralization - Hungerford &amp; Terry<\/title>\n<meta name=\"robots\" content=\"index, follow, max-snippet:-1, max-image-preview:large, max-video-preview:-1\" \/>\n<link rel=\"canonical\" href=\"https:\/\/www.hungerfordterry.com\/es\/treatment\/demineralizer\/\" \/>\n<meta property=\"og:locale\" content=\"es_MX\" \/>\n<meta property=\"og:type\" content=\"article\" \/>\n<meta property=\"og:title\" content=\"Demineralization - Hungerford &amp; Terry\" \/>\n<meta property=\"og:description\" content=\"Boilers systems used in the power and laboratory industries require protection from suspended and dissolved material which impact the longevity and operation of piping and valving. H&amp;T demineralizer systems utilize &hellip; Read More &quot;Demineralization&quot;\" \/>\n<meta property=\"og:url\" content=\"https:\/\/www.hungerfordterry.com\/es\/treatment\/demineralizer\/\" \/>\n<meta property=\"og:site_name\" content=\"Hungerford &amp; Terry\" \/>\n<meta property=\"article:modified_time\" content=\"2023-03-29T00:34:28+00:00\" \/>\n<meta property=\"og:image\" content=\"https:\/\/hungerfordterry.com\/wp-content\/uploads\/2019\/08\/image33.png\" \/>\n<meta name=\"twitter:card\" content=\"summary_large_image\" \/>\n<meta name=\"twitter:label1\" content=\"Tiempo de lectura\">\n\t<meta name=\"twitter:data1\" content=\"1 minuto\">\n<script type=\"application\/ld+json\" class=\"yoast-schema-graph\">{\"@context\":\"https:\/\/schema.org\",\"@graph\":[{\"@type\":\"WebSite\",\"@id\":\"https:\/\/www.hungerfordterry.com\/#website\",\"url\":\"https:\/\/www.hungerfordterry.com\/\",\"name\":\"Hungerford &amp; Terry\",\"description\":\"Leader in providing custom-built water treatment systems\",\"potentialAction\":[{\"@type\":\"SearchAction\",\"target\":\"https:\/\/www.hungerfordterry.com\/?s={search_term_string}\",\"query-input\":\"required name=search_term_string\"}],\"inLanguage\":\"es-MX\"},{\"@type\":\"ImageObject\",\"@id\":\"https:\/\/www.hungerfordterry.com\/treatment\/demineralizer\/#primaryimage\",\"inLanguage\":\"es-MX\",\"url\":\"https:\/\/hungerfordterry.com\/wp-content\/uploads\/2019\/08\/image33.png\"},{\"@type\":\"WebPage\",\"@id\":\"https:\/\/www.hungerfordterry.com\/treatment\/demineralizer\/#webpage\",\"url\":\"https:\/\/www.hungerfordterry.com\/treatment\/demineralizer\/\",\"name\":\"Demineralization - Hungerford &amp; Terry\",\"isPartOf\":{\"@id\":\"https:\/\/www.hungerfordterry.com\/#website\"},\"primaryImageOfPage\":{\"@id\":\"https:\/\/www.hungerfordterry.com\/treatment\/demineralizer\/#primaryimage\"},\"datePublished\":\"2019-08-21T14:52:46+00:00\",\"dateModified\":\"2023-03-29T00:34:28+00:00\",\"inLanguage\":\"es-MX\",\"potentialAction\":[{\"@type\":\"ReadAction\",\"target\":[\"https:\/\/www.hungerfordterry.com\/treatment\/demineralizer\/\"]}]}]}<\/script>\n<!-- \/ Yoast SEO plugin. -->","_links":{"self":[{"href":"https:\/\/www.hungerfordterry.com\/es\/wp-json\/wp\/v2\/pages\/698"}],"collection":[{"href":"https:\/\/www.hungerfordterry.com\/es\/wp-json\/wp\/v2\/pages"}],"about":[{"href":"https:\/\/www.hungerfordterry.com\/es\/wp-json\/wp\/v2\/types\/page"}],"author":[{"embeddable":true,"href":"https:\/\/www.hungerfordterry.com\/es\/wp-json\/wp\/v2\/users\/1"}],"replies":[{"embeddable":true,"href":"https:\/\/www.hungerfordterry.com\/es\/wp-json\/wp\/v2\/comments?post=698"}],"version-history":[{"count":13,"href":"https:\/\/www.hungerfordterry.com\/es\/wp-json\/wp\/v2\/pages\/698\/revisions"}],"predecessor-version":[{"id":1009,"href":"https:\/\/www.hungerfordterry.com\/es\/wp-json\/wp\/v2\/pages\/698\/revisions\/1009"}],"up":[{"embeddable":true,"href":"https:\/\/www.hungerfordterry.com\/es\/wp-json\/wp\/v2\/pages\/28"}],"wp:attachment":[{"href":"https:\/\/www.hungerfordterry.com\/es\/wp-json\/wp\/v2\/media?parent=698"}],"curies":[{"name":"wp","href":"https:\/\/api.w.org\/{rel}","templated":true}]}}